{"id":1508,"date":"2023-06-27T08:05:32","date_gmt":"2023-06-27T13:05:32","guid":{"rendered":"https:\/\/sting.ca\/?page_id=1508"},"modified":"2023-06-27T08:05:42","modified_gmt":"2023-06-27T13:05:42","slug":"sitemap","status":"publish","type":"page","link":"https:\/\/sting.ca\/fr\/sitemap\/","title":{"rendered":"Sitemap"},"content":{"rendered":"\n<p class=\"wp-block-paragraph\"><div class=\"wsp-container\"><h2 class=\"wsp-pages-title\">Pages<\/h2>\n<ul class=\"wsp-pages-list\">\n<li class=\"page_item page-item-2974\"><a href=\"https:\/\/sting.ca\/fr\/installateur-alarme\/\">\u00a0Installateur d\u2019Alarme Sting<\/a><\/li>\n<li class=\"page_item page-item-209\"><a href=\"https:\/\/sting.ca\/fr\/\">Accueil<\/a><\/li>\n<li class=\"page_item page-item-340\"><a href=\"https:\/\/sting.ca\/fr\/blogue\/\">Blogue<\/a><\/li>\n<li class=\"page_item page-item-3244\"><a href=\"https:\/\/sting.ca\/fr\/carte-rfid\/\">Carte RFID<\/a><\/li>\n<li class=\"page_item page-item-56\"><a href=\"https:\/\/sting.ca\/fr\/contact\/\">Contact<\/a><\/li>\n<li class=\"page_item page-item-3090\"><a href=\"https:\/\/sting.ca\/fr\/systemes-de-controle-dacces-commercial\/\">Contr\u00f4le d\u2019acc\u00e8s commercial<\/a><\/li>\n<li class=\"page_item page-item-1437\"><a href=\"https:\/\/sting.ca\/fr\/domotique-beloeil\/\">Domotique Beloeil<\/a><\/li>\n<li class=\"page_item page-item-1422\"><a href=\"https:\/\/sting.ca\/fr\/domotique-blainville\/\">Domotique Blainville<\/a><\/li>\n<li class=\"page_item page-item-1434\"><a href=\"https:\/\/sting.ca\/fr\/domotique-boisbriand\/\">Domotique Boisbriand<\/a><\/li>\n<li class=\"page_item page-item-1420\"><a href=\"https:\/\/sting.ca\/fr\/domotique-brossard\/\">Domotique Brossard<\/a><\/li>\n<li class=\"page_item page-item-1423\"><a href=\"https:\/\/sting.ca\/fr\/domotique-chateauguay\/\">Domotique Ch\u00e2teauguay<\/a><\/li>\n<li class=\"page_item page-item-1443\"><a href=\"https:\/\/sting.ca\/fr\/domotique-dorval\/\">Domotique Dorval<\/a><\/li>\n<li class=\"page_item page-item-1438\"><a href=\"https:\/\/sting.ca\/fr\/domotique-lassomption\/\">Domotique L&rsquo;Assomption<\/a><\/li>\n<li class=\"page_item page-item-1435\"><a href=\"https:\/\/sting.ca\/fr\/domotique-la-prairie\/\">Domotique La Prairie<\/a><\/li>\n<li class=\"page_item page-item-1416\"><a href=\"https:\/\/sting.ca\/fr\/domotique-laval\/\">Domotique Laval<\/a><\/li>\n<li class=\"page_item page-item-1417\"><a href=\"https:\/\/sting.ca\/fr\/domotique-longueuil\/\">Domotique Longueuil<\/a><\/li>\n<li class=\"page_item page-item-1429\"><a href=\"https:\/\/sting.ca\/fr\/domotique-mascouche\/\">Domotique Mascouche<\/a><\/li>\n<li class=\"page_item page-item-1430\"><a href=\"https:\/\/sting.ca\/fr\/domotique-mirabel\/\">Domotique Mirabel<\/a><\/li>\n<li class=\"page_item page-item-1415\"><a href=\"https:\/\/sting.ca\/fr\/domotique-montreal\/\">Domotique Montr\u00e9al<\/a><\/li>\n<li class=\"page_item page-item-1444\"><a href=\"https:\/\/sting.ca\/fr\/domotique-pincourt\/\">Domotique Pincourt<\/a><\/li>\n<li class=\"page_item page-item-1432\"><a href=\"https:\/\/sting.ca\/fr\/domotique-pointe-claire\/\">Domotique Pointe-Claire<\/a><\/li>\n<li class=\"page_item page-item-1419\"><a href=\"https:\/\/sting.ca\/fr\/domotique-repentigny\/\">Domotique Repentigny<\/a><\/li>\n<li class=\"page_item page-item-1441\"><a href=\"https:\/\/sting.ca\/fr\/domotique-rosemere\/\">Domotique Rosem\u00e8re<\/a><\/li>\n<li class=\"page_item page-item-1436\"><a href=\"https:\/\/sting.ca\/fr\/domotique-saint-bruno-de-montarville\/\">Domotique Saint-Bruno-de-Montarville<\/a><\/li>\n<li class=\"page_item page-item-1439\"><a href=\"https:\/\/sting.ca\/fr\/domotique-saint-constant\/\">Domotique Saint-Constant<\/a><\/li>\n<li class=\"page_item page-item-1426\"><a href=\"https:\/\/sting.ca\/fr\/domotique-saint-eustache\/\">Domotique Saint-Eustache<\/a><\/li>\n<li class=\"page_item page-item-1424\"><a href=\"https:\/\/sting.ca\/fr\/domotique-saint-hyacinthe\/\">Domotique Saint-Hyacinthe<\/a><\/li>\n<li class=\"page_item page-item-1425\"><a href=\"https:\/\/sting.ca\/fr\/domotique-saint-jean-sur-richelieu\/\">Domotique Saint-Jean-sur-Richelieu<\/a><\/li>\n<li class=\"page_item page-item-1421\"><a href=\"https:\/\/sting.ca\/fr\/domotique-saint-jerome\/\">Domotique Saint-J\u00e9r\u00f4me<\/a><\/li>\n<li class=\"page_item page-item-1440\"><a href=\"https:\/\/sting.ca\/fr\/domotique-saint-lambert\/\">Domotique Saint-Lambert<\/a><\/li>\n<li class=\"page_item page-item-1442\"><a href=\"https:\/\/sting.ca\/fr\/domotique-sainte-catherine\/\">Domotique Sainte-Catherine<\/a><\/li>\n<li class=\"page_item page-item-1433\"><a href=\"https:\/\/sting.ca\/fr\/domotique-sainte-julie\/\">Domotique Sainte-Julie<\/a><\/li>\n<li class=\"page_item page-item-1427\"><a href=\"https:\/\/sting.ca\/fr\/domotique-sainte-therese\/\">Domotique Sainte-Th\u00e9r\u00e8se<\/a><\/li>\n<li class=\"page_item page-item-1431\"><a href=\"https:\/\/sting.ca\/fr\/domotique-salaberry-de-valleyfield\/\">Domotique Salaberry-de-Valleyfield<\/a><\/li>\n<li class=\"page_item page-item-1418\"><a href=\"https:\/\/sting.ca\/fr\/domotique-terrebonne\/\">Domotique Terrebonne<\/a><\/li>\n<li class=\"page_item page-item-1428\"><a href=\"https:\/\/sting.ca\/fr\/domotique-vaudreuil-dorion\/\">Domotique Vaudreuil-Dorion<\/a><\/li>\n<li class=\"page_item page-item-3541\"><a href=\"https:\/\/sting.ca\/fr\/installation-sonnette-intelligente-montreal\/\">Installation de Sonnette Intelligente \u00e0 Montr\u00e9al<\/a><\/li>\n<li class=\"page_item page-item-519\"><a href=\"https:\/\/sting.ca\/fr\/merci-contact\/\">Merci &#8211; Contact<\/a><\/li>\n<li class=\"page_item page-item-3\"><a href=\"https:\/\/sting.ca\/fr\/politique-de-confidentialite\/\">Politique de confidentialit\u00e9<\/a><\/li>\n<li class=\"page_item page-item-157\"><a href=\"https:\/\/sting.ca\/fr\/securite-sting\/\">S\u00e9curit\u00e9 Sting<\/a><\/li>\n<li class=\"page_item page-item-3217\"><a href=\"https:\/\/sting.ca\/fr\/serrure-intelligente\/\">Serrure Intelligente<\/a><\/li>\n<li class=\"page_item page-item-1508\"><a href=\"https:\/\/sting.ca\/fr\/sitemap\/\">Sitemap<\/a><\/li>\n<li class=\"page_item page-item-1298\"><a href=\"https:\/\/sting.ca\/fr\/systeme-alarme-beloeil\/\">Syst\u00e8me d&rsquo;alarme Beloeil<\/a><\/li>\n<li class=\"page_item page-item-1283\"><a href=\"https:\/\/sting.ca\/fr\/systeme-alarme-blainville\/\">Syst\u00e8me d&rsquo;alarme Blainville<\/a><\/li>\n<li class=\"page_item page-item-1295\"><a href=\"https:\/\/sting.ca\/fr\/systeme-alarme-boisbriand\/\">Syst\u00e8me d&rsquo;alarme Boisbriand<\/a><\/li>\n<li class=\"page_item page-item-1281\"><a href=\"https:\/\/sting.ca\/fr\/systeme-alarme-brossard\/\">Syst\u00e8me d&rsquo;alarme Brossard<\/a><\/li>\n<li class=\"page_item page-item-1284\"><a href=\"https:\/\/sting.ca\/fr\/systeme-alarme-chateauguay\/\">Syst\u00e8me d&rsquo;alarme Ch\u00e2teauguay<\/a><\/li>\n<li class=\"page_item page-item-1304\"><a href=\"https:\/\/sting.ca\/fr\/systeme-alarme-dorval\/\">Syst\u00e8me d&rsquo;alarme Dorval<\/a><\/li>\n<li class=\"page_item page-item-3354\"><a href=\"https:\/\/sting.ca\/fr\/systeme-alarme-incendie-commercial\/\">Syst\u00e8me d&rsquo;Alarme Incendie Commercial<\/a><\/li>\n<li class=\"page_item page-item-1299\"><a href=\"https:\/\/sting.ca\/fr\/systeme-alarme-lassomption\/\">Syst\u00e8me d&rsquo;alarme L&rsquo;Assomption<\/a><\/li>\n<li class=\"page_item page-item-1296\"><a href=\"https:\/\/sting.ca\/fr\/systeme-alarme-la-prairie\/\">Syst\u00e8me d&rsquo;alarme La Prairie<\/a><\/li>\n<li class=\"page_item page-item-1277\"><a href=\"https:\/\/sting.ca\/fr\/systeme-alarme-laval\/\">Syst\u00e8me d&rsquo;alarme Laval<\/a><\/li>\n<li class=\"page_item page-item-1278\"><a href=\"https:\/\/sting.ca\/fr\/systeme-alarme-longueuil\/\">Syst\u00e8me d&rsquo;alarme Longueuil<\/a><\/li>\n<li class=\"page_item page-item-1290\"><a href=\"https:\/\/sting.ca\/fr\/systeme-alarme-mascouche\/\">Syst\u00e8me d&rsquo;alarme Mascouche<\/a><\/li>\n<li class=\"page_item page-item-1291\"><a href=\"https:\/\/sting.ca\/fr\/systeme-alarme-mirabel\/\">Syst\u00e8me d&rsquo;alarme Mirabel<\/a><\/li>\n<li class=\"page_item page-item-1276\"><a href=\"https:\/\/sting.ca\/fr\/systeme-alarme-montreal\/\">Syst\u00e8me d&rsquo;alarme Montr\u00e9al<\/a><\/li>\n<li class=\"page_item page-item-1305\"><a href=\"https:\/\/sting.ca\/fr\/systeme-alarme-pincourt\/\">Syst\u00e8me d&rsquo;alarme Pincourt<\/a><\/li>\n<li class=\"page_item page-item-1293\"><a href=\"https:\/\/sting.ca\/fr\/systeme-alarme-pointe-claire\/\">Syst\u00e8me d&rsquo;alarme Pointe-Claire<\/a><\/li>\n<li class=\"page_item page-item-1280\"><a href=\"https:\/\/sting.ca\/fr\/systeme-alarme-repentigny\/\">Syst\u00e8me d&rsquo;alarme Repentigny<\/a><\/li>\n<li class=\"page_item page-item-1302\"><a href=\"https:\/\/sting.ca\/fr\/systeme-alarme-rosemere\/\">Syst\u00e8me d&rsquo;alarme Rosem\u00e8re<\/a><\/li>\n<li class=\"page_item page-item-1297\"><a href=\"https:\/\/sting.ca\/fr\/systeme-alarme-saint-bruno-de-montarville\/\">Syst\u00e8me d&rsquo;alarme Saint-Bruno-de-Montarville<\/a><\/li>\n<li class=\"page_item page-item-1300\"><a href=\"https:\/\/sting.ca\/fr\/systeme-alarme-saint-constant\/\">Syst\u00e8me d&rsquo;alarme Saint-Constant<\/a><\/li>\n<li class=\"page_item page-item-1287\"><a href=\"https:\/\/sting.ca\/fr\/systeme-alarme-saint-eustache\/\">Syst\u00e8me d&rsquo;alarme Saint-Eustache<\/a><\/li>\n<li class=\"page_item page-item-1285\"><a href=\"https:\/\/sting.ca\/fr\/systeme-alarme-saint-hyacinthe\/\">Syst\u00e8me d&rsquo;alarme Saint-Hyacinthe<\/a><\/li>\n<li class=\"page_item page-item-1286\"><a href=\"https:\/\/sting.ca\/fr\/systeme-alarme-saint-jean-sur-richelieu\/\">Syst\u00e8me d&rsquo;alarme Saint-Jean-sur-Richelieu<\/a><\/li>\n<li class=\"page_item page-item-1282\"><a href=\"https:\/\/sting.ca\/fr\/systeme-alarme-saint-jerome\/\">Syst\u00e8me d&rsquo;alarme Saint-J\u00e9r\u00f4me<\/a><\/li>\n<li class=\"page_item page-item-1301\"><a href=\"https:\/\/sting.ca\/fr\/systeme-alarme-saint-lambert\/\">Syst\u00e8me d&rsquo;alarme Saint-Lambert<\/a><\/li>\n<li class=\"page_item page-item-1303\"><a href=\"https:\/\/sting.ca\/fr\/systeme-alarme-sainte-catherine\/\">Syst\u00e8me d&rsquo;alarme Sainte-Catherine<\/a><\/li>\n<li class=\"page_item page-item-1294\"><a href=\"https:\/\/sting.ca\/fr\/systeme-alarme-sainte-julie\/\">Syst\u00e8me d&rsquo;alarme Sainte-Julie<\/a><\/li>\n<li class=\"page_item page-item-1288\"><a href=\"https:\/\/sting.ca\/fr\/systeme-alarme-sainte-therese\/\">Syst\u00e8me d&rsquo;alarme Sainte-Th\u00e9r\u00e8se<\/a><\/li>\n<li class=\"page_item page-item-1292\"><a href=\"https:\/\/sting.ca\/fr\/systeme-alarme-salaberry-de-valleyfield\/\">Syst\u00e8me d&rsquo;alarme Salaberry-de-Valleyfield<\/a><\/li>\n<li class=\"page_item page-item-1279\"><a href=\"https:\/\/sting.ca\/fr\/systeme-alarme-terrebonne\/\">Syst\u00e8me d&rsquo;alarme Terrebonne<\/a><\/li>\n<li class=\"page_item page-item-1289\"><a href=\"https:\/\/sting.ca\/fr\/systeme-alarme-vaudreuil-dorion\/\">Syst\u00e8me d&rsquo;alarme Vaudreuil-Dorion<\/a><\/li>\n<li class=\"page_item page-item-3171\"><a href=\"https:\/\/sting.ca\/fr\/systeme-interphone\/\">Syst\u00e8me d&rsquo;Interphone<\/a><\/li>\n<li class=\"page_item page-item-582\"><a href=\"https:\/\/sting.ca\/fr\/systemes-securite-maison\/\">Syst\u00e8me d\u2019Alarme R\u00e9sidentiel \u2013 Choisissez Un Syst\u00e8me De S\u00e9curit\u00e9 R\u00e9sidentiel Intelligent<\/a><\/li>\n<li class=\"page_item page-item-2419\"><a href=\"https:\/\/sting.ca\/fr\/systemes-de-controle-dacces\/\">Syst\u00e8me de Contr\u00f4le d&rsquo;Acc\u00e8s<\/a><\/li>\n<li class=\"page_item page-item-2568\"><a href=\"https:\/\/sting.ca\/fr\/systeme-de-domotique-residentiel\/\">Syst\u00e8me de Domotique R\u00e9sidentiel<\/a><\/li>\n<li class=\"page_item page-item-3020\"><a href=\"https:\/\/sting.ca\/fr\/cameras-securite-commerciales\/\">Syst\u00e8mes de cam\u00e9ras de s\u00e9curit\u00e9 commerciales<\/a><\/li>\n<li class=\"page_item page-item-2573\"><a href=\"https:\/\/sting.ca\/fr\/systemes-de-controle-acces\/\">Syst\u00e8mes de Contr\u00f4le Acc\u00e8s<\/a><\/li>\n<li class=\"page_item page-item-2571\"><a href=\"https:\/\/sting.ca\/fr\/systemes-de-securite-commercial\/\">Syst\u00e8mes de s\u00e9curit\u00e9 commercial<\/a><\/li>\n<li class=\"page_item page-item-2224\"><a href=\"https:\/\/sting.ca\/fr\/systemes-de-surveillance-domiciliaire\/\">Syst\u00e8mes de surveillance r\u00e9sidentielle<\/a><\/li>\n<li class=\"page_item page-item-2539\"><a href=\"https:\/\/sting.ca\/fr\/systeme-alarme-residentiel\/\">Systemes-securite-maison<\/a><\/li>\n<\/ul>\n<\/div><\/p>\n","protected":false},"excerpt":{"rendered":"","protected":false},"author":7,"featured_media":0,"parent":0,"menu_order":0,"comment_status":"closed","ping_status":"closed","template":"","meta":{"_acf_changed":false,"_crdt_document":"","footnotes":""},"class_list":["post-1508","page","type-page","status-publish","hentry"],"acf":[],"yoast_head":"<!-- This site is optimized with the Yoast SEO plugin v27.3 - https:\/\/yoast.com\/product\/yoast-seo-wordpress\/ -->\n<title>Sitemap - S\u00e9curit\u00e9 Sting<\/title>\n<meta name=\"robots\" content=\"index, follow, max-snippet:-1, max-image-preview:large, max-video-preview:-1\" \/>\n<link rel=\"canonical\" href=\"https:\/\/sting.ca\/fr\/sitemap\/\" \/>\n<meta property=\"og:locale\" content=\"fr_FR\" \/>\n<meta property=\"og:type\" content=\"article\" \/>\n<meta property=\"og:title\" content=\"Sitemap - S\u00e9curit\u00e9 Sting\" \/>\n<meta property=\"og:url\" content=\"https:\/\/sting.ca\/fr\/sitemap\/\" \/>\n<meta property=\"og:site_name\" content=\"S\u00e9curit\u00e9 Sting\" \/>\n<meta property=\"article:modified_time\" content=\"2023-06-27T13:05:42+00:00\" \/>\n<meta name=\"twitter:card\" content=\"summary_large_image\" \/>\n<script type=\"application\/ld+json\" class=\"yoast-schema-graph\">{\"@context\":\"https:\\\/\\\/schema.org\",\"@graph\":[{\"@type\":\"WebPage\",\"@id\":\"https:\\\/\\\/sting.ca\\\/fr\\\/sitemap\\\/\",\"url\":\"https:\\\/\\\/sting.ca\\\/fr\\\/sitemap\\\/\",\"name\":\"Sitemap - S\u00e9curit\u00e9 Sting\",\"isPartOf\":{\"@id\":\"https:\\\/\\\/sting.ca\\\/fr\\\/#website\"},\"datePublished\":\"2023-06-27T13:05:32+00:00\",\"dateModified\":\"2023-06-27T13:05:42+00:00\",\"breadcrumb\":{\"@id\":\"https:\\\/\\\/sting.ca\\\/fr\\\/sitemap\\\/#breadcrumb\"},\"inLanguage\":\"fr-FR\",\"potentialAction\":[{\"@type\":\"ReadAction\",\"target\":[\"https:\\\/\\\/sting.ca\\\/fr\\\/sitemap\\\/\"]}]},{\"@type\":\"BreadcrumbList\",\"@id\":\"https:\\\/\\\/sting.ca\\\/fr\\\/sitemap\\\/#breadcrumb\",\"itemListElement\":[{\"@type\":\"ListItem\",\"position\":1,\"name\":\"Accueil\",\"item\":\"https:\\\/\\\/sting.ca\\\/fr\\\/\"},{\"@type\":\"ListItem\",\"position\":2,\"name\":\"Sitemap\"}]},{\"@type\":\"WebSite\",\"@id\":\"https:\\\/\\\/sting.ca\\\/fr\\\/#website\",\"url\":\"https:\\\/\\\/sting.ca\\\/fr\\\/\",\"name\":\"S\u00e9curit\u00e9 Sting\",\"description\":\"\",\"potentialAction\":[{\"@type\":\"SearchAction\",\"target\":{\"@type\":\"EntryPoint\",\"urlTemplate\":\"https:\\\/\\\/sting.ca\\\/fr\\\/?s={search_term_string}\"},\"query-input\":{\"@type\":\"PropertyValueSpecification\",\"valueRequired\":true,\"valueName\":\"search_term_string\"}}],\"inLanguage\":\"fr-FR\"}]}<\/script>\n<!-- \/ Yoast SEO plugin. -->","yoast_head_json":{"title":"Sitemap - S\u00e9curit\u00e9 Sting","robots":{"index":"index","follow":"follow","max-snippet":"max-snippet:-1","max-image-preview":"max-image-preview:large","max-video-preview":"max-video-preview:-1"},"canonical":"https:\/\/sting.ca\/fr\/sitemap\/","og_locale":"fr_FR","og_type":"article","og_title":"Sitemap - S\u00e9curit\u00e9 Sting","og_url":"https:\/\/sting.ca\/fr\/sitemap\/","og_site_name":"S\u00e9curit\u00e9 Sting","article_modified_time":"2023-06-27T13:05:42+00:00","twitter_card":"summary_large_image","schema":{"@context":"https:\/\/schema.org","@graph":[{"@type":"WebPage","@id":"https:\/\/sting.ca\/fr\/sitemap\/","url":"https:\/\/sting.ca\/fr\/sitemap\/","name":"Sitemap - S\u00e9curit\u00e9 Sting","isPartOf":{"@id":"https:\/\/sting.ca\/fr\/#website"},"datePublished":"2023-06-27T13:05:32+00:00","dateModified":"2023-06-27T13:05:42+00:00","breadcrumb":{"@id":"https:\/\/sting.ca\/fr\/sitemap\/#breadcrumb"},"inLanguage":"fr-FR","potentialAction":[{"@type":"ReadAction","target":["https:\/\/sting.ca\/fr\/sitemap\/"]}]},{"@type":"BreadcrumbList","@id":"https:\/\/sting.ca\/fr\/sitemap\/#breadcrumb","itemListElement":[{"@type":"ListItem","position":1,"name":"Accueil","item":"https:\/\/sting.ca\/fr\/"},{"@type":"ListItem","position":2,"name":"Sitemap"}]},{"@type":"WebSite","@id":"https:\/\/sting.ca\/fr\/#website","url":"https:\/\/sting.ca\/fr\/","name":"S\u00e9curit\u00e9 Sting","description":"","potentialAction":[{"@type":"SearchAction","target":{"@type":"EntryPoint","urlTemplate":"https:\/\/sting.ca\/fr\/?s={search_term_string}"},"query-input":{"@type":"PropertyValueSpecification","valueRequired":true,"valueName":"search_term_string"}}],"inLanguage":"fr-FR"}]}},"_links":{"self":[{"href":"https:\/\/sting.ca\/fr\/wp-json\/wp\/v2\/pages\/1508","targetHints":{"allow":["GET"]}}],"collection":[{"href":"https:\/\/sting.ca\/fr\/wp-json\/wp\/v2\/pages"}],"about":[{"href":"https:\/\/sting.ca\/fr\/wp-json\/wp\/v2\/types\/page"}],"author":[{"embeddable":true,"href":"https:\/\/sting.ca\/fr\/wp-json\/wp\/v2\/users\/7"}],"replies":[{"embeddable":true,"href":"https:\/\/sting.ca\/fr\/wp-json\/wp\/v2\/comments?post=1508"}],"version-history":[{"count":1,"href":"https:\/\/sting.ca\/fr\/wp-json\/wp\/v2\/pages\/1508\/revisions"}],"predecessor-version":[{"id":1509,"href":"https:\/\/sting.ca\/fr\/wp-json\/wp\/v2\/pages\/1508\/revisions\/1509"}],"wp:attachment":[{"href":"https:\/\/sting.ca\/fr\/wp-json\/wp\/v2\/media?parent=1508"}],"curies":[{"name":"wp","href":"https:\/\/api.w.org\/{rel}","templated":true}]}}