{"id":3541,"date":"2026-03-23T11:17:20","date_gmt":"2026-03-23T16:17:20","guid":{"rendered":"https:\/\/sting.ca\/?page_id=3541"},"modified":"2026-03-23T11:17:20","modified_gmt":"2026-03-23T16:17:20","slug":"installation-sonnette-intelligente-montreal","status":"publish","type":"page","link":"https:\/\/sting.ca\/fr\/installation-sonnette-intelligente-montreal\/","title":{"rendered":"Installation de Sonnette Intelligente \u00e0 Montr\u00e9al"},"content":{"rendered":"","protected":false},"excerpt":{"rendered":"","protected":false},"author":7,"featured_media":0,"parent":0,"menu_order":0,"comment_status":"closed","ping_status":"closed","template":"","meta":{"_acf_changed":false,"_crdt_document":"","footnotes":""},"class_list":["post-3541","page","type-page","status-publish","hentry"],"acf":[],"yoast_head":"<!-- This site is optimized with the Yoast SEO plugin v27.3 - https:\/\/yoast.com\/product\/yoast-seo-wordpress\/ -->\n<title>Installation de Sonnette Intelligente \u00e0 Montr\u00e9al | S\u00e9curit\u00e9 Sting - Installation Professionnelle de Cam\u00e9ras de Sonnette Vid\u00e9o Intelligente<\/title>\n<meta name=\"description\" content=\"Installation professionnelle de sonnette intelligente \u00e0 Montr\u00e9al. Obtenez une cam\u00e9ra de sonnette s\u00e9curis\u00e9e int\u00e9gr\u00e9e \u00e0 votre syst\u00e8me d\u2019alarme et \u00e0 votre service de surveillance.\" \/>\n<meta name=\"robots\" content=\"index, follow, max-snippet:-1, max-image-preview:large, max-video-preview:-1\" \/>\n<link rel=\"canonical\" href=\"https:\/\/sting.ca\/fr\/installation-sonnette-intelligente-montreal\/\" \/>\n<meta property=\"og:locale\" content=\"fr_FR\" \/>\n<meta property=\"og:type\" content=\"article\" \/>\n<meta property=\"og:title\" content=\"Installation de Sonnette Intelligente \u00e0 Montr\u00e9al | S\u00e9curit\u00e9 Sting - Installation Professionnelle de Cam\u00e9ras de Sonnette Vid\u00e9o Intelligente\" \/>\n<meta property=\"og:description\" content=\"Installation professionnelle de sonnette intelligente \u00e0 Montr\u00e9al. Obtenez une cam\u00e9ra de sonnette s\u00e9curis\u00e9e int\u00e9gr\u00e9e \u00e0 votre syst\u00e8me d\u2019alarme et \u00e0 votre service de surveillance.\" \/>\n<meta property=\"og:url\" content=\"https:\/\/sting.ca\/fr\/installation-sonnette-intelligente-montreal\/\" \/>\n<meta property=\"og:site_name\" content=\"S\u00e9curit\u00e9 Sting\" \/>\n<meta name=\"twitter:card\" content=\"summary_large_image\" \/>\n<script type=\"application\/ld+json\" class=\"yoast-schema-graph\">{\"@context\":\"https:\\\/\\\/schema.org\",\"@graph\":[{\"@type\":\"WebPage\",\"@id\":\"https:\\\/\\\/sting.ca\\\/fr\\\/installation-sonnette-intelligente-montreal\\\/\",\"url\":\"https:\\\/\\\/sting.ca\\\/fr\\\/installation-sonnette-intelligente-montreal\\\/\",\"name\":\"Installation de Sonnette Intelligente \u00e0 Montr\u00e9al | S\u00e9curit\u00e9 Sting - Installation Professionnelle de Cam\u00e9ras de Sonnette Vid\u00e9o Intelligente\",\"isPartOf\":{\"@id\":\"https:\\\/\\\/sting.ca\\\/fr\\\/#website\"},\"datePublished\":\"2026-03-23T16:17:20+00:00\",\"description\":\"Installation professionnelle de sonnette intelligente \u00e0 Montr\u00e9al. Obtenez une cam\u00e9ra de sonnette s\u00e9curis\u00e9e int\u00e9gr\u00e9e \u00e0 votre syst\u00e8me d\u2019alarme et \u00e0 votre service de surveillance.\",\"breadcrumb\":{\"@id\":\"https:\\\/\\\/sting.ca\\\/fr\\\/installation-sonnette-intelligente-montreal\\\/#breadcrumb\"},\"inLanguage\":\"fr-FR\",\"potentialAction\":[{\"@type\":\"ReadAction\",\"target\":[\"https:\\\/\\\/sting.ca\\\/fr\\\/installation-sonnette-intelligente-montreal\\\/\"]}]},{\"@type\":\"BreadcrumbList\",\"@id\":\"https:\\\/\\\/sting.ca\\\/fr\\\/installation-sonnette-intelligente-montreal\\\/#breadcrumb\",\"itemListElement\":[{\"@type\":\"ListItem\",\"position\":1,\"name\":\"Accueil\",\"item\":\"https:\\\/\\\/sting.ca\\\/fr\\\/\"},{\"@type\":\"ListItem\",\"position\":2,\"name\":\"Installation de Sonnette Intelligente \u00e0 Montr\u00e9al\"}]},{\"@type\":\"WebSite\",\"@id\":\"https:\\\/\\\/sting.ca\\\/fr\\\/#website\",\"url\":\"https:\\\/\\\/sting.ca\\\/fr\\\/\",\"name\":\"S\u00e9curit\u00e9 Sting\",\"description\":\"\",\"potentialAction\":[{\"@type\":\"SearchAction\",\"target\":{\"@type\":\"EntryPoint\",\"urlTemplate\":\"https:\\\/\\\/sting.ca\\\/fr\\\/?s={search_term_string}\"},\"query-input\":{\"@type\":\"PropertyValueSpecification\",\"valueRequired\":true,\"valueName\":\"search_term_string\"}}],\"inLanguage\":\"fr-FR\"}]}<\/script>\n<!-- \/ Yoast SEO plugin. -->","yoast_head_json":{"title":"Installation de Sonnette Intelligente \u00e0 Montr\u00e9al | S\u00e9curit\u00e9 Sting - Installation Professionnelle de Cam\u00e9ras de Sonnette Vid\u00e9o Intelligente","description":"Installation professionnelle de sonnette intelligente \u00e0 Montr\u00e9al. Obtenez une cam\u00e9ra de sonnette s\u00e9curis\u00e9e int\u00e9gr\u00e9e \u00e0 votre syst\u00e8me d\u2019alarme et \u00e0 votre service de surveillance.","robots":{"index":"index","follow":"follow","max-snippet":"max-snippet:-1","max-image-preview":"max-image-preview:large","max-video-preview":"max-video-preview:-1"},"canonical":"https:\/\/sting.ca\/fr\/installation-sonnette-intelligente-montreal\/","og_locale":"fr_FR","og_type":"article","og_title":"Installation de Sonnette Intelligente \u00e0 Montr\u00e9al | S\u00e9curit\u00e9 Sting - Installation Professionnelle de Cam\u00e9ras de Sonnette Vid\u00e9o Intelligente","og_description":"Installation professionnelle de sonnette intelligente \u00e0 Montr\u00e9al. Obtenez une cam\u00e9ra de sonnette s\u00e9curis\u00e9e int\u00e9gr\u00e9e \u00e0 votre syst\u00e8me d\u2019alarme et \u00e0 votre service de surveillance.","og_url":"https:\/\/sting.ca\/fr\/installation-sonnette-intelligente-montreal\/","og_site_name":"S\u00e9curit\u00e9 Sting","twitter_card":"summary_large_image","schema":{"@context":"https:\/\/schema.org","@graph":[{"@type":"WebPage","@id":"https:\/\/sting.ca\/fr\/installation-sonnette-intelligente-montreal\/","url":"https:\/\/sting.ca\/fr\/installation-sonnette-intelligente-montreal\/","name":"Installation de Sonnette Intelligente \u00e0 Montr\u00e9al | S\u00e9curit\u00e9 Sting - Installation Professionnelle de Cam\u00e9ras de Sonnette Vid\u00e9o Intelligente","isPartOf":{"@id":"https:\/\/sting.ca\/fr\/#website"},"datePublished":"2026-03-23T16:17:20+00:00","description":"Installation professionnelle de sonnette intelligente \u00e0 Montr\u00e9al. Obtenez une cam\u00e9ra de sonnette s\u00e9curis\u00e9e int\u00e9gr\u00e9e \u00e0 votre syst\u00e8me d\u2019alarme et \u00e0 votre service de surveillance.","breadcrumb":{"@id":"https:\/\/sting.ca\/fr\/installation-sonnette-intelligente-montreal\/#breadcrumb"},"inLanguage":"fr-FR","potentialAction":[{"@type":"ReadAction","target":["https:\/\/sting.ca\/fr\/installation-sonnette-intelligente-montreal\/"]}]},{"@type":"BreadcrumbList","@id":"https:\/\/sting.ca\/fr\/installation-sonnette-intelligente-montreal\/#breadcrumb","itemListElement":[{"@type":"ListItem","position":1,"name":"Accueil","item":"https:\/\/sting.ca\/fr\/"},{"@type":"ListItem","position":2,"name":"Installation de Sonnette Intelligente \u00e0 Montr\u00e9al"}]},{"@type":"WebSite","@id":"https:\/\/sting.ca\/fr\/#website","url":"https:\/\/sting.ca\/fr\/","name":"S\u00e9curit\u00e9 Sting","description":"","potentialAction":[{"@type":"SearchAction","target":{"@type":"EntryPoint","urlTemplate":"https:\/\/sting.ca\/fr\/?s={search_term_string}"},"query-input":{"@type":"PropertyValueSpecification","valueRequired":true,"valueName":"search_term_string"}}],"inLanguage":"fr-FR"}]}},"_links":{"self":[{"href":"https:\/\/sting.ca\/fr\/wp-json\/wp\/v2\/pages\/3541","targetHints":{"allow":["GET"]}}],"collection":[{"href":"https:\/\/sting.ca\/fr\/wp-json\/wp\/v2\/pages"}],"about":[{"href":"https:\/\/sting.ca\/fr\/wp-json\/wp\/v2\/types\/page"}],"author":[{"embeddable":true,"href":"https:\/\/sting.ca\/fr\/wp-json\/wp\/v2\/users\/7"}],"replies":[{"embeddable":true,"href":"https:\/\/sting.ca\/fr\/wp-json\/wp\/v2\/comments?post=3541"}],"version-history":[{"count":1,"href":"https:\/\/sting.ca\/fr\/wp-json\/wp\/v2\/pages\/3541\/revisions"}],"predecessor-version":[{"id":3542,"href":"https:\/\/sting.ca\/fr\/wp-json\/wp\/v2\/pages\/3541\/revisions\/3542"}],"wp:attachment":[{"href":"https:\/\/sting.ca\/fr\/wp-json\/wp\/v2\/media?parent=3541"}],"curies":[{"name":"wp","href":"https:\/\/api.w.org\/{rel}","templated":true}]}}